{"id":344,"date":"2021-05-11T23:19:56","date_gmt":"2021-05-11T21:19:56","guid":{"rendered":"http:\/\/ram-dam.be\/beyondtheblue-movie\/?page_id=344"},"modified":"2025-03-09T10:53:17","modified_gmt":"2025-03-09T09:53:17","slug":"reviews","status":"publish","type":"page","link":"https:\/\/ram-dam.be\/beyondtheblue-movie\/reviews\/","title":{"rendered":"Reviews"},"content":{"rendered":"\n<pre class=\"wp-block-verse has-small-font-size\">\"(...) The  dream is there \u2013 in the calm, spiritual tone of Scotty\u2019s voice, in  St-Ex\u2019s definition of perfection \u2013 when there is nothing left to take away - in the enthusiasm of the people around Scotty when they discover the beauty of Louis\u2019 creation. And in the vastness of the Oklahoma countryside, the feel of a road movie in which there is no time pressure, we\u2019re there for the voyage, not just for the destination. (...)\" _ <strong>Frank <\/strong>V.<\/pre>\n\n\n\n<pre class=\"wp-block-verse has-small-font-size\">\"(...) bien mis en r\u00e9cit, sobre, sur les tonalit\u00e9s \u00e9motionnelles (...)\" _ <strong>Paul-Benoit D.<\/strong><\/pre>\n\n\n\n<pre class=\"wp-block-verse has-small-font-size\">\"(...) I think you did a fantastic job with this movie and honour Louis de Monge as well as Scotty Wilson. (...)\" _<strong> Aldert <\/strong>V.<\/pre>\n\n\n\n<pre class=\"wp-block-verse has-small-font-size\">\"(...) Ce film m'a d'abord intrigu\u00e9 par son \u00e9tonnante ouverture durant laquelle on se demande dans quelle aventure on embarque.&nbsp;Au fur et \u00e0 mesure que l'histoire se d\u00e9veloppe, j'ai \u00e9t\u00e9 profond\u00e9ment int\u00e9ress\u00e9e et intrigu\u00e9e par cette histoire de pionnier de l'aviation que je ne connaissais pas.&nbsp;(...) Les \u00e9tapes de la patiente reconstitution de cet avion mythique, la passion et la fid\u00e9lit\u00e9 \u00e0 l'esprit de de Monge de Scotty, l'\u00e9mouvante \u00e9vocation de la visite du vieux de Monge \u00e0 son avion d\u00e9membr\u00e9, m'ont rappel\u00e9 une autre reconstitution, celle d'un Aviatik de la Premi\u00e8re Guerre mondiale dans les ateliers du Bourget. Je retrouve ici la m\u00eame d\u00e9termination, la m\u00eame folie qui conduit des hommes \u00e0 tout sacrifier, le m\u00eame enthousiasme sans borne, le m\u00eame respect pour l'invention d'un pionnier et le m\u00eame amour du bel ouvrage.&nbsp;(...)\" _ <strong>Christine <\/strong>V.<\/pre>\n\n\n\n<pre class=\"wp-block-verse has-text-align-left has-small-font-size\">\"(...) Beau et tr\u00e8s \u00e9mouvant.&nbsp;Merci de m'avoir permis de vivre ce beau moment (...)\" _ <strong>Jehanne D.<\/strong><\/pre>\n\n\n\n<pre class=\"wp-block-verse has-small-font-size\">\"(...) Nicely done and very tasteful. Great job! (...)\" _ <strong>Wes W<\/strong>.<\/pre>\n\n\n\n<pre class=\"wp-block-verse has-small-font-size\">\"(...) Merci pour ce magnifique documentaire, film tr\u00e8s \u00e9mouvant et \u00e0 la fois tr\u00e8s technique.&nbsp;Le pilote a eu une grande confiance sur la conception du Bugatti 100P. Au cours de sa fabrication, il a prononc\u00e9 ces quelques mots : on ne change rien quand tout est parfait. (...)\" _ P. S.<\/pre>\n\n\n\n<pre class=\"wp-block-verse has-small-font-size\">\"(...) Finalement c'est une histoire de r\u00eaves r\u00e9alis\u00e9s. (...)\" _ <strong>Sarah <\/strong>P.<\/pre>\n\n\n\n<pre class=\"wp-block-verse has-small-font-size\">\"(...) This is fantastic (...)\" _ <strong>Simon B<\/strong>.<\/pre>\n\n\n\n<pre class=\"wp-block-verse has-small-font-size\">\"(...) Un documentaire intime, \u00e9mouvant, m\u00ealant l'Histoire, la technique et beaucoup d'humanit\u00e9. (...)\" _ <strong>Sandrine P<\/strong>.<\/pre>\n\n\n\n<pre class=\"wp-block-verse has-small-font-size\"> \"(...) Very entertaining, I particularly enjoyed the interview with Sibille (...)\" _ <strong>John L<\/strong>.<\/pre>\n\n\n\n<pre class=\"wp-block-verse has-small-font-size\">\"(...) Une aventure tr\u00e8s \u00e9mouvante qui a du beaucoup marquer la d\u00e9cennie au cours de laquelle s\u2019est d\u00e9roul\u00e9e - d\u00e9ploy\u00e9e cette re-constitution. \u00c9mouvant et troublant horizon qui transcende l\u2019expos\u00e9 des faits et des encha\u00eenements.&nbsp;(...)\" _ <strong>Jacky V<\/strong>.<\/pre>\n\n\n\n<pre class=\"wp-block-verse has-small-font-size\">\"(...) Belles images, belles musiques (...)\" _ <strong>B\u00e9atrice D.<\/strong><\/pre>\n\n\n\n<pre class=\"wp-block-verse has-small-font-size\"> \"(...) Un rythme qui refl\u00e8te bien le cot\u00e9 tr\u00e8s pos\u00e9 de Scotty, qui a bien compris qui \u00e9tait Louis de Monge et ce que cet avion repr\u00e9sentait pour lui.&nbsp;En fait, c'\u00e9tait bien plus qu'un avion. C'est l\u2019\u0153uvre d'une vie.&nbsp;(...)\" _ <strong>Dominique M<\/strong>.<\/pre>\n","protected":false},"excerpt":{"rendered":"<p>&#8220;(&#8230;) The dream is there \u2013 in the calm, spiritual tone of Scotty\u2019s voice, in St-Ex\u2019s definition of perfection \u2013 when there is nothing left to take away &#8211; in the enthusiasm of the people around Scotty when they discover the beauty of Louis\u2019 creation. And in the vastness of the Oklahoma countryside, the feel&hellip;&nbsp;<a href=\"https:\/\/ram-dam.be\/beyondtheblue-movie\/reviews\/\" rel=\"bookmark\">Read More &raquo;<span class=\"screen-reader-text\">Reviews<\/span><\/a><\/p>\n","protected":false},"author":1,"featured_media":0,"parent":0,"menu_order":0,"comment_status":"closed","ping_status":"closed","template":"","meta":{"neve_meta_sidebar":"full-width","neve_meta_container":"default","neve_meta_enable_content_width":"off","neve_meta_content_width":100,"neve_meta_title_alignment":"left","neve_meta_author_avatar":"","neve_post_elements_order":"","neve_meta_disable_header":"","neve_meta_disable_footer":"","neve_meta_disable_title":"","footnotes":""},"class_list":["post-344","page","type-page","status-publish","hentry"],"_links":{"self":[{"href":"https:\/\/ram-dam.be\/beyondtheblue-movie\/wp-json\/wp\/v2\/pages\/344","targetHints":{"allow":["GET"]}}],"collection":[{"href":"https:\/\/ram-dam.be\/beyondtheblue-movie\/wp-json\/wp\/v2\/pages"}],"about":[{"href":"https:\/\/ram-dam.be\/beyondtheblue-movie\/wp-json\/wp\/v2\/types\/page"}],"author":[{"embeddable":true,"href":"https:\/\/ram-dam.be\/beyondtheblue-movie\/wp-json\/wp\/v2\/users\/1"}],"replies":[{"embeddable":true,"href":"https:\/\/ram-dam.be\/beyondtheblue-movie\/wp-json\/wp\/v2\/comments?post=344"}],"version-history":[{"count":31,"href":"https:\/\/ram-dam.be\/beyondtheblue-movie\/wp-json\/wp\/v2\/pages\/344\/revisions"}],"predecessor-version":[{"id":381,"href":"https:\/\/ram-dam.be\/beyondtheblue-movie\/wp-json\/wp\/v2\/pages\/344\/revisions\/381"}],"wp:attachment":[{"href":"https:\/\/ram-dam.be\/beyondtheblue-movie\/wp-json\/wp\/v2\/media?parent=344"}],"curies":[{"name":"wp","href":"https:\/\/api.w.org\/{rel}","templated":true}]}}