{"id":38,"date":"2021-01-04T18:52:43","date_gmt":"2021-01-04T17:52:43","guid":{"rendered":"http:\/\/ram-dam.be\/beyondtheblue-movie\/?page_id=38"},"modified":"2021-01-11T13:40:16","modified_gmt":"2021-01-11T12:40:16","slug":"infos","status":"publish","type":"page","link":"http:\/\/ram-dam.be\/beyondtheblue-movie\/infos\/","title":{"rendered":"About"},"content":{"rendered":"\n<h2 class=\"wp-block-heading\">Synopsis<\/h2>\n\n\n\n<div style=\"height:18px\" aria-hidden=\"true\" class=\"wp-block-spacer\"><\/div>\n\n\n\n<p style=\"font-size:22px\"><em>2009 &#8211; In a barn in Oklahoma, wing commander Scotty Wilson (USAF) starts building the replica of a racing plane designed in the 1930s by Ettore Bugatti et Louis de Monge, the<\/em> Bugatti 100P<em>. After 80 years, Scotty wants to be the one to fly with the most elegant plane ever imagined. Louis de Monge\u2019s grand nephew goes to meet him and embarks upon the adventure. The past crops up bit by bit, mixes up with the present with the actors of the time. The strain increases with the imminence of the first flying.<\/em><\/p>\n\n\n\n<div style=\"height:18px\" aria-hidden=\"true\" class=\"wp-block-spacer\"><\/div>\n\n\n\n<p style=\"font-size:22px\">2009 &#8211; Dans un hangar en Oklahoma, le lieutenant-colonel Scotty Wilson (USAF) d\u00e9bute la construction de la r\u00e9plique d\u2019un avion de course con\u00e7u dans les ann\u00e9es trente par Ettore Bugatti et Louis de Monge, le <em>Bugatti 100P<\/em>. Quatre-vingt ans plus tard, Scotty veut \u00eatre celui qui volera avec l\u2019avion le plus \u00e9l\u00e9gant jamais construit. Le petit-neveu de Louis de Monge part \u00e0 sa rencontre et entre dans l\u2019aventure. Le pass\u00e9 surgit par bribes, se m\u00e9lange avec le pr\u00e9sent et des acteurs de l\u2019\u00e9poque. La tension s\u2019accro\u00eet avec la proximit\u00e9 du premier vol.<\/p>\n\n\n\n<div style=\"height:29px\" aria-hidden=\"true\" class=\"wp-block-spacer\"><\/div>\n\n\n\n<p class=\"has-text-align-center\" style=\"font-size:22px\"><strong>51 minutes \/ Stereo \/ VO Fr &amp; En \/ ST Fr &amp; En \/ Belgium \u00a9 2021<\/strong><\/p>\n\n\n\n<div style=\"height:29px\" aria-hidden=\"true\" class=\"wp-block-spacer\"><\/div>\n\n\n\n<h2 class=\"has-text-align-center wp-block-heading\">A film by<\/h2>\n\n\n\n<p class=\"has-text-align-center\"><strong>Ladislas de Monge &amp; Pierre de Bellefroid<\/strong><\/p>\n\n\n\n<h2 class=\"has-text-align-center wp-block-heading\">In tribute to<\/h2>\n\n\n\n<p class=\"has-text-align-center\"><strong>Scotty Wilson, Bernadette Henry de Frahan, Jean Sibille, Don Lefferts<\/strong><\/p>\n","protected":false},"excerpt":{"rendered":"<p>Synopsis 2009 &#8211; In a barn in Oklahoma, wing commander Scotty Wilson (USAF) starts building the replica of a racing plane designed in the 1930s by Ettore Bugatti et Louis de Monge, the Bugatti 100P. After 80 years, Scotty wants to be the one to fly with the most elegant plane ever imagined. Louis de&hellip;&nbsp;<a href=\"http:\/\/ram-dam.be\/beyondtheblue-movie\/infos\/\" rel=\"bookmark\">Read More &raquo;<span class=\"screen-reader-text\">About<\/span><\/a><\/p>\n","protected":false},"author":1,"featured_media":0,"parent":0,"menu_order":0,"comment_status":"closed","ping_status":"closed","template":"","meta":{"neve_meta_sidebar":"","neve_meta_container":"","neve_meta_enable_content_width":"","neve_meta_content_width":0,"neve_meta_title_alignment":"","neve_meta_author_avatar":"","neve_post_elements_order":"","neve_meta_disable_header":"","neve_meta_disable_footer":"","neve_meta_disable_title":"on","footnotes":""},"class_list":["post-38","page","type-page","status-publish","hentry"],"_links":{"self":[{"href":"http:\/\/ram-dam.be\/beyondtheblue-movie\/wp-json\/wp\/v2\/pages\/38","targetHints":{"allow":["GET"]}}],"collection":[{"href":"http:\/\/ram-dam.be\/beyondtheblue-movie\/wp-json\/wp\/v2\/pages"}],"about":[{"href":"http:\/\/ram-dam.be\/beyondtheblue-movie\/wp-json\/wp\/v2\/types\/page"}],"author":[{"embeddable":true,"href":"http:\/\/ram-dam.be\/beyondtheblue-movie\/wp-json\/wp\/v2\/users\/1"}],"replies":[{"embeddable":true,"href":"http:\/\/ram-dam.be\/beyondtheblue-movie\/wp-json\/wp\/v2\/comments?post=38"}],"version-history":[{"count":33,"href":"http:\/\/ram-dam.be\/beyondtheblue-movie\/wp-json\/wp\/v2\/pages\/38\/revisions"}],"predecessor-version":[{"id":235,"href":"http:\/\/ram-dam.be\/beyondtheblue-movie\/wp-json\/wp\/v2\/pages\/38\/revisions\/235"}],"wp:attachment":[{"href":"http:\/\/ram-dam.be\/beyondtheblue-movie\/wp-json\/wp\/v2\/media?parent=38"}],"curies":[{"name":"wp","href":"https:\/\/api.w.org\/{rel}","templated":true}]}}